{"id":70,"date":"2022-07-01T11:51:45","date_gmt":"2022-07-01T09:51:45","guid":{"rendered":"http:\/\/nowa.hankairumcajs.pl\/?page_id=70"},"modified":"2022-07-01T18:53:49","modified_gmt":"2022-07-01T16:53:49","slug":"rzezba-w-korze","status":"publish","type":"page","link":"http:\/\/nowa.hankairumcajs.pl\/?page_id=70","title":{"rendered":"rze\u017aba w korze"},"content":{"rendered":"\n<h2 class=\"has-medium-font-size wp-block-heading\">p\u0142askorze\u017aby<\/h2>\n\n\n\nngg_shortcode_0_placeholder\n\n\n\n<h2 class=\"has-medium-font-size wp-block-heading\">ozdoby \u015bwi\u0105teczne<\/h2>\n\n\n\nngg_shortcode_1_placeholder\n\n\n\n<h2 class=\"has-medium-font-size wp-block-heading\">okruszki natury<\/h2>\n\n\n\nngg_shortcode_2_placeholder\n","protected":false},"excerpt":{"rendered":"<p>p\u0142askorze\u017aby ozdoby \u015bwi\u0105teczne okruszki natury<\/p>\n","protected":false},"author":1,"featured_media":0,"parent":0,"menu_order":0,"comment_status":"closed","ping_status":"closed","template":"","meta":{"ngg_post_thumbnail":0,"footnotes":""},"class_list":["post-70","page","type-page","status-publish","hentry"],"_links":{"self":[{"href":"http:\/\/nowa.hankairumcajs.pl\/index.php?rest_route=\/wp\/v2\/pages\/70","targetHints":{"allow":["GET"]}}],"collection":[{"href":"http:\/\/nowa.hankairumcajs.pl\/index.php?rest_route=\/wp\/v2\/pages"}],"about":[{"href":"http:\/\/nowa.hankairumcajs.pl\/index.php?rest_route=\/wp\/v2\/types\/page"}],"author":[{"embeddable":true,"href":"http:\/\/nowa.hankairumcajs.pl\/index.php?rest_route=\/wp\/v2\/users\/1"}],"replies":[{"embeddable":true,"href":"http:\/\/nowa.hankairumcajs.pl\/index.php?rest_route=%2Fwp%2Fv2%2Fcomments&post=70"}],"version-history":[{"count":5,"href":"http:\/\/nowa.hankairumcajs.pl\/index.php?rest_route=\/wp\/v2\/pages\/70\/revisions"}],"predecessor-version":[{"id":462,"href":"http:\/\/nowa.hankairumcajs.pl\/index.php?rest_route=\/wp\/v2\/pages\/70\/revisions\/462"}],"wp:attachment":[{"href":"http:\/\/nowa.hankairumcajs.pl\/index.php?rest_route=%2Fwp%2Fv2%2Fmedia&parent=70"}],"curies":[{"name":"wp","href":"https:\/\/api.w.org\/{rel}","templated":true}]}}