{"id":416,"date":"2022-07-01T13:13:12","date_gmt":"2022-07-01T11:13:12","guid":{"rendered":"http:\/\/nowa.hankairumcajs.pl\/?page_id=416"},"modified":"2022-07-01T14:47:20","modified_gmt":"2022-07-01T12:47:20","slug":"o-nas","status":"publish","type":"page","link":"http:\/\/nowa.hankairumcajs.pl\/","title":{"rendered":"o nas"},"content":{"rendered":"\n<h3 class=\"has-medium-font-size wp-block-heading\"><strong>hoho, kto by pomy\u015bla\u0142, jeszcze kilka lat temu, \u017ce takow\u0105 posiada\u0107 b\u0119dziemy. Dzisiaj jednak, cytuj\u0105c nasze dzieci: &#8220;bez Internetu jak bez r\u0119ki\u201d, witajcie wi\u0119c u Hanki i Rumcajsa.<\/strong><\/h3>\n\n\n\n<p class=\"has-medium-font-size\">Nie s\u0105 to, oczywi\u015bcie, nasze prawdziwe imiona, ale ze wzgl\u0119du na spos\u00f3b \u017cycia i miejsca, w kt\u00f3rych si\u0119 osiedlali\u015bmy przylgn\u0119\u0142y do nas i jeste\u015bmy z nich dumni. Zawsze blisko natury, zawsze w zgodzie z ni\u0105. Jest dla nas wa\u017cna i jest inspiracj\u0105 w naszej pracy tw\u00f3rczej.<\/p>\n\n\n\n<p class=\"has-medium-font-size\">Kilka fakt\u00f3w z naszego \u017cycia znajdziecie w zak\u0142adce&nbsp;\u201eartyku\u0142y\u201d. Od siebie chcieliby\u015bmy tylko doda\u0107, \u017ce mo\u017cliwo\u015b\u0107 dzielenia si\u0119 tym, co potrafimy namalowa\u0107 i wyrze\u017abi\u0107 jest olbrzymi\u0105 rado\u015bci\u0105 i naszym sposobem na \u017cycie.<\/p>\n\n\n\n<h3 class=\"wp-block-heading\"><strong>Dzi\u0119kujemy za wizyt\u0119&nbsp;i zapraszamy do galerii.<\/strong><\/h3>\n\n\n<div class=\"wp-block-image\">\n<figure class=\"alignright size-full\"><img decoding=\"async\" width=\"150\" height=\"150\" src=\"http:\/\/nowa.hankairumcajs.pl\/wp-content\/uploads\/2022\/07\/ekspozycje3.gif\" alt=\"\" class=\"wp-image-459\"\/><\/figure>\n<\/div>","protected":false},"excerpt":{"rendered":"<p>hoho, kto by pomy\u015bla\u0142, jeszcze kilka lat temu, \u017ce takow\u0105 posiada\u0107 b\u0119dziemy. Dzisiaj jednak, cytuj\u0105c nasze dzieci: &#8220;bez Internetu jak bez r\u0119ki\u201d, witajcie wi\u0119c u Hanki i Rumcajsa. Nie s\u0105 to, oczywi\u015bcie, nasze prawdziwe imiona, ale ze wzgl\u0119du na spos\u00f3b \u017cycia i miejsca, w kt\u00f3rych si\u0119 osiedlali\u015bmy przylgn\u0119\u0142y do nas i jeste\u015bmy z nich dumni. &hellip; <\/p>\n<p class=\"link-more\"><a href=\"http:\/\/nowa.hankairumcajs.pl\/\" class=\"more-link\">Continue reading<span class=\"screen-reader-text\"> &#8220;o nas&#8221;<\/span><\/a><\/p>\n","protected":false},"author":1,"featured_media":0,"parent":0,"menu_order":0,"comment_status":"closed","ping_status":"closed","template":"","meta":{"ngg_post_thumbnail":0,"footnotes":""},"class_list":["post-416","page","type-page","status-publish","hentry"],"_links":{"self":[{"href":"http:\/\/nowa.hankairumcajs.pl\/index.php?rest_route=\/wp\/v2\/pages\/416","targetHints":{"allow":["GET"]}}],"collection":[{"href":"http:\/\/nowa.hankairumcajs.pl\/index.php?rest_route=\/wp\/v2\/pages"}],"about":[{"href":"http:\/\/nowa.hankairumcajs.pl\/index.php?rest_route=\/wp\/v2\/types\/page"}],"author":[{"embeddable":true,"href":"http:\/\/nowa.hankairumcajs.pl\/index.php?rest_route=\/wp\/v2\/users\/1"}],"replies":[{"embeddable":true,"href":"http:\/\/nowa.hankairumcajs.pl\/index.php?rest_route=%2Fwp%2Fv2%2Fcomments&post=416"}],"version-history":[{"count":7,"href":"http:\/\/nowa.hankairumcajs.pl\/index.php?rest_route=\/wp\/v2\/pages\/416\/revisions"}],"predecessor-version":[{"id":461,"href":"http:\/\/nowa.hankairumcajs.pl\/index.php?rest_route=\/wp\/v2\/pages\/416\/revisions\/461"}],"wp:attachment":[{"href":"http:\/\/nowa.hankairumcajs.pl\/index.php?rest_route=%2Fwp%2Fv2%2Fmedia&parent=416"}],"curies":[{"name":"wp","href":"https:\/\/api.w.org\/{rel}","templated":true}]}}